{"id":11,"date":"2025-12-05T13:18:43","date_gmt":"2025-12-05T13:18:43","guid":{"rendered":"https:\/\/dev.f4x4.is\/?page_id=11"},"modified":"2025-12-06T08:37:22","modified_gmt":"2025-12-06T08:37:22","slug":"setid-vefmyndavel","status":"publish","type":"page","link":"https:\/\/dev.f4x4.is\/?page_id=11","title":{"rendered":"Setri\u00f0 vefmyndav\u00e9l"},"content":{"rendered":"<p><!--[web-camera-dev cmd=\"getPicture\" max=97 name=\"setrid\" navigate=\"on\"]--><\/p>\n\n\n\n<iframe frameborder=\"0\" style=\"width:100vw; height:100vh !important;\" src=\"https:\/\/members-dev.f4x4.is\/web-camera?camera=setrid&#038;max=97\" id=\"vefmyndavel-rammi\">\n<a href=\"https:\/\/members-dev.f4x4.is\/web-camera?camera=setrid&#038;max=97\">T\u00f3kst ekki a\u00f0 setja myndina inn \u00ed s\u00ed\u00f0una, smelltu h\u00e9r til a\u00f0 fara \u00ed vefmyndav\u00e9lakerfi\u00f0<\/a>\n<\/iframe>\n\n\n\n<p><\/p>\n","protected":false},"excerpt":{"rendered":"<p>T\u00f3kst ekki a\u00f0 setja myndina inn \u00ed s\u00ed\u00f0una, smelltu h\u00e9r til a\u00f0 fara \u00ed vefmyndav\u00e9lakerfi\u00f0<\/p>\n","protected":false},"author":1,"featured_media":0,"parent":0,"menu_order":0,"comment_status":"closed","ping_status":"closed","template":"breitt","meta":{"footnotes":""},"class_list":["post-11","page","type-page","status-publish","hentry"],"_links":{"self":[{"href":"https:\/\/dev.f4x4.is\/index.php?rest_route=\/wp\/v2\/pages\/11","targetHints":{"allow":["GET"]}}],"collection":[{"href":"https:\/\/dev.f4x4.is\/index.php?rest_route=\/wp\/v2\/pages"}],"about":[{"href":"https:\/\/dev.f4x4.is\/index.php?rest_route=\/wp\/v2\/types\/page"}],"author":[{"embeddable":true,"href":"https:\/\/dev.f4x4.is\/index.php?rest_route=\/wp\/v2\/users\/1"}],"replies":[{"embeddable":true,"href":"https:\/\/dev.f4x4.is\/index.php?rest_route=%2Fwp%2Fv2%2Fcomments&post=11"}],"version-history":[{"count":10,"href":"https:\/\/dev.f4x4.is\/index.php?rest_route=\/wp\/v2\/pages\/11\/revisions"}],"predecessor-version":[{"id":27,"href":"https:\/\/dev.f4x4.is\/index.php?rest_route=\/wp\/v2\/pages\/11\/revisions\/27"}],"wp:attachment":[{"href":"https:\/\/dev.f4x4.is\/index.php?rest_route=%2Fwp%2Fv2%2Fmedia&parent=11"}],"curies":[{"name":"wp","href":"https:\/\/api.w.org\/{rel}","templated":true}]}}